{"id":1177,"date":"2023-07-20T09:56:10","date_gmt":"2023-07-20T07:56:10","guid":{"rendered":"https:\/\/www.dtf-team.com\/ratgeber\/"},"modified":"2024-01-14T22:13:14","modified_gmt":"2024-01-14T21:13:14","slug":"guide-pratique","status":"publish","type":"page","link":"https:\/\/www.dtf-team.com\/fr\/guide-pratique\/","title":{"rendered":"Guide pratique"},"content":{"rendered":"<h1>DTF Guide pratique<\/h1>\n<div>\n<p>Es-tu pr\u00eat(e) \u00e0 partir \u00e0 la d\u00e9couverte de l&rsquo;impression DTF ? Imagine une nouvelle technologie d&rsquo;impression qui non seulement d\u00e9passe presque toutes les limites de l&rsquo;impression, mais te permet aussi de donner libre cours \u00e0 ta cr\u00e9ativit\u00e9. Nous avons r\u00e9dig\u00e9 pour toi un guide facile \u00e0 comprendre et \u00e9difiant. Tu y d\u00e9couvriras tout ce qui concerne l&rsquo;impression par transfert DTF, les imprimantes r\u00e9volutionnaires et la durabilit\u00e9 incomparable. Il est expliqu\u00e9 de mani\u00e8re simple et compr\u00e9hensible, afin que tu puisses suivre chaque \u00e9tape. Chaque chapitre \u00e9veille ta curiosit\u00e9, car il ne s&rsquo;agit pas seulement d&rsquo;un guide, mais aussi d&rsquo;un billet d&rsquo;entr\u00e9e dans une nouvelle \u00e8re avec nous comme partenaire professionnel \u00e0 tes c\u00f4t\u00e9s. Commen\u00e7ons le voyage ensemble, en commen\u00e7ant par notre guide de transfert DTF.<\/p>\n<\/div>\n<ul>\n<li>\n<\/li>\n<li>\n<\/li>\n<li>\n<\/li>\n<li>\n<\/li>\n<li>\n<\/li>\n<li>\n<\/li>\n<li>\n<\/li>\n<li>\n<\/li>\n<li>\n<\/li>\n<li>\n<\/li>\n<li>\n<\/li>\n<\/ul>\n<p><!--more--><br \/>\n<!-- {\"type\":\"layout\",\"children\":[{\"type\":\"section\",\"props\":{\"image_position\":\"center-center\",\"padding\":\"xsmall\",\"padding_remove_bottom\":true,\"style\":\"default\",\"title_breakpoint\":\"xl\",\"title_position\":\"top-left\",\"title_rotation\":\"left\",\"vertical_align\":\"middle\",\"width\":\"default\"},\"children\":[{\"type\":\"row\",\"children\":[{\"type\":\"column\",\"props\":{\"image_position\":\"center-center\",\"position_sticky_breakpoint\":\"m\"},\"children\":[{\"type\":\"breadcrumbs\",\"props\":{\"show_current\":true,\"show_home\":true}}]}]}],\"name\":\"Breadcrumbs\"},{\"type\":\"section\",\"props\":{\"image_position\":\"center-center\",\"padding_remove_bottom\":true,\"padding_remove_top\":false,\"style\":\"default\",\"title_breakpoint\":\"xl\",\"title_position\":\"top-left\",\"title_rotation\":\"left\",\"vertical_align\":\"middle\",\"width\":\"default\"},\"children\":[{\"type\":\"row\",\"children\":[{\"type\":\"column\",\"props\":{\"image_position\":\"center-center\",\"position_sticky_breakpoint\":\"m\"},\"children\":[{\"type\":\"headline\",\"props\":{\"content\":\"DTF Guide pratique\",\"margin\":\"large\",\"margin_remove_bottom\":true,\"title_element\":\"h1\",\"title_style\":\"h2\"}},{\"type\":\"text\",\"props\":{\"column_breakpoint\":\"m\",\"content\":\"\n\n<p>Es-tu pr\\u00eat(e) \\u00e0 partir \\u00e0 la d\\u00e9couverte de l'impression DTF ? Imagine une nouvelle technologie d'impression qui non seulement d\\u00e9passe presque toutes les limites de l'impression, mais te permet aussi de donner libre cours \\u00e0 ta cr\\u00e9ativit\\u00e9. Nous avons r\\u00e9dig\\u00e9 pour toi un guide facile \\u00e0 comprendre et \\u00e9difiant. Tu y d\\u00e9couvriras tout ce qui concerne l'impression par transfert DTF, les imprimantes r\\u00e9volutionnaires et la durabilit\\u00e9 incomparable. Il est expliqu\\u00e9 de mani\\u00e8re simple et compr\\u00e9hensible, afin que tu puisses suivre chaque \\u00e9tape. Chaque chapitre \\u00e9veille ta curiosit\\u00e9, car il ne s'agit pas seulement d'un guide, mais aussi d'un billet d'entr\\u00e9e dans une nouvelle \\u00e8re avec nous comme partenaire professionnel \\u00e0 tes c\\u00f4t\\u00e9s. Commen\\u00e7ons le voyage ensemble, en commen\\u00e7ant par notre guide de transfert DTF.<\\\/p>\",\"margin\":\"default\"}}]}]}]},{\"type\":\"section\",\"props\":{\"class\":\"adviser\",\"image_position\":\"center-center\",\"style\":\"default\",\"title_breakpoint\":\"xl\",\"title_position\":\"top-left\",\"title_rotation\":\"left\",\"vertical_align\":\"middle\",\"width\":\"default\"},\"children\":[{\"type\":\"row\",\"children\":[{\"type\":\"column\",\"props\":{\"image_position\":\"center-center\",\"position_sticky_breakpoint\":\"m\"},\"children\":[{\"type\":\"grid\",\"props\":{\"class\":\"adviser-grid\",\"content_column_breakpoint\":\"m\",\"content_margin\":\"small\",\"filter_align\":\"left\",\"filter_all\":true,\"filter_grid_breakpoint\":\"m\",\"filter_grid_width\":\"auto\",\"filter_position\":\"top\",\"filter_style\":\"tab\",\"grid_default\":\"1\",\"grid_medium\":\"3\",\"grid_small\":\"2\",\"icon_width\":80,\"image_align\":\"top\",\"image_grid_breakpoint\":\"m\",\"image_grid_width\":\"1-2\",\"image_svg_color\":\"emphasis\",\"image_transition\":\"scale-up\",\"image_transition_border\":false,\"item_animation\":true,\"link_size\":\"small\",\"link_style\":\"secondary\",\"link_text\":\"En savoir plus\",\"margin\":\"default\",\"meta_align\":\"below-title\",\"meta_element\":\"div\",\"meta_style\":\"text-meta\",\"panel_link\":true,\"show_content\":true,\"show_image\":true,\"show_link\":true,\"show_meta\":true,\"show_title\":true,\"title_align\":\"top\",\"title_element\":\"h2\",\"title_grid_breakpoint\":\"m\",\"title_grid_width\":\"1-2\",\"title_hover_style\":\"reset\",\"title_style\":\"h4\"},\"children\":[{\"type\":\"grid_item\",\"source\":{\"query\":{\"name\":\"pages.customPage\",\"arguments\":{\"users\":[],\"users_operator\":\"IN\",\"offset\":0,\"order\":\"date\",\"order_direction\":\"DESC\",\"id\":1183}},\"props\":{\"title\":{\"filters\":{\"search\":\"\"},\"name\":\"title\"},\"image\":{\"filters\":{\"search\":\"\"},\"name\":\"featuredImage.url\"},\"image_alt\":{\"filters\":{\"search\":\"\"},\"name\":\"featuredImage.alt\"},\"link\":{\"filters\":{\"search\":\"\"},\"name\":\"link\"},\"content\":{\"filters\":{\"search\":\"\",\"limit\":100,\"replace\":\"\"},\"arguments\":{\"show_intro_text\":true},\"name\":\"content\"}}}},{\"type\":\"grid_item\",\"source\":{\"query\":{\"name\":\"pages.customPage\",\"arguments\":{\"users\":[],\"users_operator\":\"IN\",\"offset\":0,\"order\":\"date\",\"order_direction\":\"DESC\",\"id\":1186}},\"props\":{\"title\":{\"filters\":{\"search\":\"\"},\"name\":\"title\"},\"image\":{\"filters\":{\"search\":\"\"},\"name\":\"featuredImage.url\"},\"image_alt\":{\"filters\":{\"search\":\"\"},\"name\":\"featuredImage.alt\"},\"link\":{\"filters\":{\"search\":\"\"},\"name\":\"link\"},\"content\":{\"filters\":{\"search\":\"\",\"limit\":100},\"arguments\":{\"show_intro_text\":true},\"name\":\"content\"}}}},{\"type\":\"grid_item\",\"source\":{\"query\":{\"name\":\"pages.customPage\",\"arguments\":{\"users\":[],\"users_operator\":\"IN\",\"offset\":0,\"order\":\"date\",\"order_direction\":\"DESC\",\"id\":1189}},\"props\":{\"title\":{\"filters\":{\"search\":\"\"},\"name\":\"title\"},\"image\":{\"filters\":{\"search\":\"\"},\"name\":\"featuredImage.url\"},\"image_alt\":{\"filters\":{\"search\":\"\"},\"name\":\"featuredImage.alt\"},\"link\":{\"filters\":{\"search\":\"\"},\"name\":\"link\"},\"content\":{\"filters\":{\"search\":\"\",\"limit\":100},\"arguments\":{\"show_intro_text\":true},\"name\":\"content\"}}}},{\"type\":\"grid_item\",\"source\":{\"query\":{\"name\":\"pages.customPage\",\"arguments\":{\"users\":[],\"users_operator\":\"IN\",\"offset\":0,\"order\":\"date\",\"order_direction\":\"DESC\",\"id\":1192}},\"props\":{\"title\":{\"filters\":{\"search\":\"\"},\"name\":\"title\"},\"image\":{\"filters\":{\"search\":\"\"},\"name\":\"featuredImage.url\"},\"image_alt\":{\"filters\":{\"search\":\"\"},\"name\":\"featuredImage.alt\"},\"link\":{\"filters\":{\"search\":\"\"},\"name\":\"link\"},\"content\":{\"filters\":{\"search\":\"\",\"limit\":100},\"arguments\":{\"show_intro_text\":true},\"name\":\"content\"}}}},{\"type\":\"grid_item\",\"source\":{\"query\":{\"name\":\"pages.customPage\",\"arguments\":{\"users\":[],\"users_operator\":\"IN\",\"offset\":0,\"order\":\"date\",\"order_direction\":\"DESC\",\"id\":1195}},\"props\":{\"title\":{\"filters\":{\"search\":\"\"},\"name\":\"title\"},\"image\":{\"filters\":{\"search\":\"\"},\"name\":\"featuredImage.url\"},\"image_alt\":{\"filters\":{\"search\":\"\"},\"name\":\"featuredImage.alt\"},\"link\":{\"filters\":{\"search\":\"\"},\"name\":\"link\"},\"content\":{\"filters\":{\"search\":\"\",\"limit\":100},\"arguments\":{\"show_intro_text\":true},\"name\":\"content\"}}}},{\"type\":\"grid_item\",\"source\":{\"query\":{\"name\":\"pages.customPage\",\"arguments\":{\"users\":[],\"users_operator\":\"IN\",\"offset\":0,\"order\":\"date\",\"order_direction\":\"DESC\",\"id\":1198}},\"props\":{\"title\":{\"filters\":{\"search\":\"\"},\"name\":\"title\"},\"image\":{\"filters\":{\"search\":\"\"},\"name\":\"featuredImage.url\"},\"image_alt\":{\"filters\":{\"search\":\"\"},\"name\":\"featuredImage.alt\"},\"link\":{\"filters\":{\"search\":\"\"},\"name\":\"link\"},\"content\":{\"filters\":{\"search\":\"\",\"limit\":100},\"arguments\":{\"show_intro_text\":true},\"name\":\"content\"}}}},{\"type\":\"grid_item\",\"source\":{\"query\":{\"name\":\"pages.customPage\",\"arguments\":{\"users\":[],\"users_operator\":\"IN\",\"offset\":0,\"order\":\"date\",\"order_direction\":\"DESC\",\"id\":1201}},\"props\":{\"title\":{\"filters\":{\"search\":\"\"},\"name\":\"title\"},\"image\":{\"filters\":{\"search\":\"\"},\"name\":\"featuredImage.url\"},\"image_alt\":{\"filters\":{\"search\":\"\"},\"name\":\"featuredImage.alt\"},\"link\":{\"filters\":{\"search\":\"\"},\"name\":\"link\"},\"content\":{\"filters\":{\"search\":\"\",\"limit\":100},\"arguments\":{\"show_intro_text\":true},\"name\":\"content\"}}}},{\"type\":\"grid_item\",\"source\":{\"query\":{\"name\":\"pages.customPage\",\"arguments\":{\"users\":[],\"users_operator\":\"IN\",\"offset\":0,\"order\":\"date\",\"order_direction\":\"DESC\",\"id\":1204}},\"props\":{\"title\":{\"filters\":{\"search\":\"\"},\"name\":\"title\"},\"image\":{\"filters\":{\"search\":\"\"},\"name\":\"featuredImage.url\"},\"image_alt\":{\"filters\":{\"search\":\"\"},\"name\":\"featuredImage.alt\"},\"link\":{\"filters\":{\"search\":\"\"},\"name\":\"link\"},\"content\":{\"filters\":{\"search\":\"\",\"limit\":100},\"arguments\":{\"show_intro_text\":true},\"name\":\"content\"}}}},{\"type\":\"grid_item\",\"source\":{\"query\":{\"name\":\"pages.customPage\",\"arguments\":{\"users\":[],\"users_operator\":\"IN\",\"offset\":0,\"order\":\"date\",\"order_direction\":\"DESC\",\"id\":1207}},\"props\":{\"title\":{\"filters\":{\"search\":\"\"},\"name\":\"title\"},\"image\":{\"filters\":{\"search\":\"\"},\"name\":\"featuredImage.url\"},\"image_alt\":{\"filters\":{\"search\":\"\"},\"name\":\"featuredImage.alt\"},\"link\":{\"filters\":{\"search\":\"\"},\"name\":\"link\"},\"content\":{\"filters\":{\"search\":\"\",\"limit\":100},\"arguments\":{\"show_intro_text\":true},\"name\":\"content\"}}}},{\"type\":\"grid_item\",\"source\":{\"query\":{\"name\":\"pages.customPage\",\"arguments\":{\"users\":[],\"users_operator\":\"IN\",\"offset\":0,\"order\":\"date\",\"order_direction\":\"DESC\",\"id\":1210}},\"props\":{\"title\":{\"filters\":{\"search\":\"\"},\"name\":\"title\"},\"image\":{\"filters\":{\"search\":\"\"},\"name\":\"featuredImage.url\"},\"image_alt\":{\"filters\":{\"search\":\"\"},\"name\":\"featuredImage.alt\"},\"link\":{\"filters\":{\"search\":\"\"},\"name\":\"link\"},\"content\":{\"filters\":{\"search\":\"\",\"limit\":100},\"arguments\":{\"show_intro_text\":true},\"name\":\"content\"}}}},{\"type\":\"grid_item\",\"source\":{\"query\":{\"name\":\"pages.customPage\",\"arguments\":{\"users\":[],\"users_operator\":\"IN\",\"offset\":0,\"order\":\"date\",\"order_direction\":\"DESC\",\"id\":1213}},\"props\":{\"title\":{\"filters\":{\"search\":\"\"},\"name\":\"title\"},\"image\":{\"filters\":{\"search\":\"\"},\"name\":\"featuredImage.url\"},\"image_alt\":{\"filters\":{\"search\":\"\"},\"name\":\"featuredImage.alt\"},\"link\":{\"filters\":{\"search\":\"\"},\"name\":\"link\"},\"content\":{\"filters\":{\"search\":\"\",\"limit\":100},\"arguments\":{\"show_intro_text\":true},\"name\":\"content\"}}}}]}]}]}],\"name\":\"Adviser\"}],\"version\":\"4.0.10\"} --><\/p>\n","protected":false},"excerpt":{"rendered":"<p>DTF Guide pratique Es-tu pr\u00eat(e) \u00e0 partir \u00e0 la d\u00e9couverte de l&rsquo;impression DTF ? Imagine une nouvelle technologie d&rsquo;impression qui non seulement d\u00e9passe presque toutes les limites de l&rsquo;impression, mais te permet aussi de donner libre cours \u00e0 ta cr\u00e9ativit\u00e9. Nous avons r\u00e9dig\u00e9 pour toi un guide facile \u00e0 comprendre et \u00e9difiant. Tu y d\u00e9couvriras [&hellip;]<\/p>\n","protected":false},"author":1,"featured_media":0,"parent":0,"menu_order":0,"comment_status":"closed","ping_status":"closed","template":"","meta":{"footnotes":""},"class_list":["post-1177","page","type-page","status-publish","hentry"],"yoast_head":"<!-- This site is optimized with the Yoast SEO Premium plugin v27.2 (Yoast SEO v27.3) - https:\/\/yoast.com\/product\/yoast-seo-premium-wordpress\/ -->\n<title>Guide pratique transfert DTF: Tout sur le transfert, l&#039;imprimante, le film et plus encore | DTF-Team.com<\/title>\n<meta name=\"description\" content=\"Votre guide pratique complet du transfert DTF: Comprenez les bases, d\u00e9couvrez les techniques d&#039;impression et apprenez-en plus sur la durabilit\u00e9 et les films de transfert! | DTF-Team.com\" \/>\n<meta name=\"robots\" content=\"index, follow, max-snippet:-1, max-image-preview:large, max-video-preview:-1\" \/>\n<link rel=\"canonical\" href=\"https:\/\/www.dtf-team.com\/fr\/guide-pratique\/\" \/>\n<meta property=\"og:locale\" content=\"fr_FR\" \/>\n<meta property=\"og:type\" content=\"article\" \/>\n<meta property=\"og:title\" content=\"Guide pratique\" \/>\n<meta property=\"og:description\" content=\"Votre guide pratique complet du transfert DTF: Comprenez les bases, d\u00e9couvrez les techniques d&#039;impression et apprenez-en plus sur la durabilit\u00e9 et les films de transfert! | DTF-Team.com\" \/>\n<meta property=\"og:url\" content=\"https:\/\/www.dtf-team.com\/fr\/guide-pratique\/\" \/>\n<meta property=\"og:site_name\" content=\"DTF Team\" \/>\n<meta property=\"article:publisher\" content=\"https:\/\/www.facebook.com\/dtf.team.europe\/\" \/>\n<meta property=\"article:modified_time\" content=\"2024-01-14T21:13:14+00:00\" \/>\n<meta name=\"twitter:card\" content=\"summary_large_image\" \/>\n<meta name=\"twitter:label1\" content=\"Dur\u00e9e de lecture estim\u00e9e\" \/>\n\t<meta name=\"twitter:data1\" content=\"1 minute\" \/>\n<script type=\"application\/ld+json\" class=\"yoast-schema-graph\">{\"@context\":\"https:\\\/\\\/schema.org\",\"@graph\":[{\"@type\":\"WebPage\",\"@id\":\"https:\\\/\\\/www.dtf-team.com\\\/fr\\\/guide-pratique\\\/\",\"url\":\"https:\\\/\\\/www.dtf-team.com\\\/fr\\\/guide-pratique\\\/\",\"name\":\"Guide pratique transfert DTF: Tout sur le transfert, l'imprimante, le film et plus encore | DTF-Team.com\",\"isPartOf\":{\"@id\":\"https:\\\/\\\/www.dtf-team.com\\\/fr\\\/#website\"},\"datePublished\":\"2023-07-20T07:56:10+00:00\",\"dateModified\":\"2024-01-14T21:13:14+00:00\",\"description\":\"Votre guide pratique complet du transfert DTF: Comprenez les bases, d\u00e9couvrez les techniques d'impression et apprenez-en plus sur la durabilit\u00e9 et les films de transfert! | DTF-Team.com\",\"breadcrumb\":{\"@id\":\"https:\\\/\\\/www.dtf-team.com\\\/fr\\\/guide-pratique\\\/#breadcrumb\"},\"inLanguage\":\"fr-FR\",\"potentialAction\":[{\"@type\":\"ReadAction\",\"target\":[\"https:\\\/\\\/www.dtf-team.com\\\/fr\\\/guide-pratique\\\/\"]}]},{\"@type\":\"BreadcrumbList\",\"@id\":\"https:\\\/\\\/www.dtf-team.com\\\/fr\\\/guide-pratique\\\/#breadcrumb\",\"itemListElement\":[{\"@type\":\"ListItem\",\"position\":1,\"name\":\"Startseite\",\"item\":\"https:\\\/\\\/www.dtf-team.com\\\/fr\\\/\"},{\"@type\":\"ListItem\",\"position\":2,\"name\":\"Guide pratique\"}]},{\"@type\":\"WebSite\",\"@id\":\"https:\\\/\\\/www.dtf-team.com\\\/fr\\\/#website\",\"url\":\"https:\\\/\\\/www.dtf-team.com\\\/fr\\\/\",\"name\":\"DTF Team\",\"description\":\"\",\"publisher\":{\"@id\":\"https:\\\/\\\/www.dtf-team.com\\\/fr\\\/#organization\"},\"alternateName\":\"DTFT\",\"potentialAction\":[{\"@type\":\"SearchAction\",\"target\":{\"@type\":\"EntryPoint\",\"urlTemplate\":\"https:\\\/\\\/www.dtf-team.com\\\/fr\\\/?s={search_term_string}\"},\"query-input\":{\"@type\":\"PropertyValueSpecification\",\"valueRequired\":true,\"valueName\":\"search_term_string\"}}],\"inLanguage\":\"fr-FR\"},{\"@type\":\"Organization\",\"@id\":\"https:\\\/\\\/www.dtf-team.com\\\/fr\\\/#organization\",\"name\":\"DTF Team\",\"alternateName\":\"DTFT\",\"url\":\"https:\\\/\\\/www.dtf-team.com\\\/fr\\\/\",\"logo\":{\"@type\":\"ImageObject\",\"inLanguage\":\"fr-FR\",\"@id\":\"https:\\\/\\\/www.dtf-team.com\\\/fr\\\/#\\\/schema\\\/logo\\\/image\\\/\",\"url\":\"https:\\\/\\\/www.dtf-team.com\\\/wp-content\\\/uploads\\\/dtf-team_logo-green-darkblue.svg\",\"contentUrl\":\"https:\\\/\\\/www.dtf-team.com\\\/wp-content\\\/uploads\\\/dtf-team_logo-green-darkblue.svg\",\"width\":1,\"height\":1,\"caption\":\"DTF Team\"},\"image\":{\"@id\":\"https:\\\/\\\/www.dtf-team.com\\\/fr\\\/#\\\/schema\\\/logo\\\/image\\\/\"},\"sameAs\":[\"https:\\\/\\\/www.facebook.com\\\/dtf.team.europe\\\/\",\"https:\\\/\\\/www.instagram.com\\\/dtf.team.europe\\\/\",\"https:\\\/\\\/www.tiktok.com\\\/@dtf.team.europe\",\"https:\\\/\\\/www.pinterest.de\\\/dtfteam\\\/\"]}]}<\/script>\n<!-- \/ Yoast SEO Premium plugin. -->","yoast_head_json":{"title":"Guide pratique transfert DTF: Tout sur le transfert, l'imprimante, le film et plus encore | DTF-Team.com","description":"Votre guide pratique complet du transfert DTF: Comprenez les bases, d\u00e9couvrez les techniques d'impression et apprenez-en plus sur la durabilit\u00e9 et les films de transfert! | DTF-Team.com","robots":{"index":"index","follow":"follow","max-snippet":"max-snippet:-1","max-image-preview":"max-image-preview:large","max-video-preview":"max-video-preview:-1"},"canonical":"https:\/\/www.dtf-team.com\/fr\/guide-pratique\/","og_locale":"fr_FR","og_type":"article","og_title":"Guide pratique","og_description":"Votre guide pratique complet du transfert DTF: Comprenez les bases, d\u00e9couvrez les techniques d'impression et apprenez-en plus sur la durabilit\u00e9 et les films de transfert! | DTF-Team.com","og_url":"https:\/\/www.dtf-team.com\/fr\/guide-pratique\/","og_site_name":"DTF Team","article_publisher":"https:\/\/www.facebook.com\/dtf.team.europe\/","article_modified_time":"2024-01-14T21:13:14+00:00","twitter_card":"summary_large_image","twitter_misc":{"Dur\u00e9e de lecture estim\u00e9e":"1 minute"},"schema":{"@context":"https:\/\/schema.org","@graph":[{"@type":"WebPage","@id":"https:\/\/www.dtf-team.com\/fr\/guide-pratique\/","url":"https:\/\/www.dtf-team.com\/fr\/guide-pratique\/","name":"Guide pratique transfert DTF: Tout sur le transfert, l'imprimante, le film et plus encore | DTF-Team.com","isPartOf":{"@id":"https:\/\/www.dtf-team.com\/fr\/#website"},"datePublished":"2023-07-20T07:56:10+00:00","dateModified":"2024-01-14T21:13:14+00:00","description":"Votre guide pratique complet du transfert DTF: Comprenez les bases, d\u00e9couvrez les techniques d'impression et apprenez-en plus sur la durabilit\u00e9 et les films de transfert! | DTF-Team.com","breadcrumb":{"@id":"https:\/\/www.dtf-team.com\/fr\/guide-pratique\/#breadcrumb"},"inLanguage":"fr-FR","potentialAction":[{"@type":"ReadAction","target":["https:\/\/www.dtf-team.com\/fr\/guide-pratique\/"]}]},{"@type":"BreadcrumbList","@id":"https:\/\/www.dtf-team.com\/fr\/guide-pratique\/#breadcrumb","itemListElement":[{"@type":"ListItem","position":1,"name":"Startseite","item":"https:\/\/www.dtf-team.com\/fr\/"},{"@type":"ListItem","position":2,"name":"Guide pratique"}]},{"@type":"WebSite","@id":"https:\/\/www.dtf-team.com\/fr\/#website","url":"https:\/\/www.dtf-team.com\/fr\/","name":"DTF Team","description":"","publisher":{"@id":"https:\/\/www.dtf-team.com\/fr\/#organization"},"alternateName":"DTFT","potentialAction":[{"@type":"SearchAction","target":{"@type":"EntryPoint","urlTemplate":"https:\/\/www.dtf-team.com\/fr\/?s={search_term_string}"},"query-input":{"@type":"PropertyValueSpecification","valueRequired":true,"valueName":"search_term_string"}}],"inLanguage":"fr-FR"},{"@type":"Organization","@id":"https:\/\/www.dtf-team.com\/fr\/#organization","name":"DTF Team","alternateName":"DTFT","url":"https:\/\/www.dtf-team.com\/fr\/","logo":{"@type":"ImageObject","inLanguage":"fr-FR","@id":"https:\/\/www.dtf-team.com\/fr\/#\/schema\/logo\/image\/","url":"https:\/\/www.dtf-team.com\/wp-content\/uploads\/dtf-team_logo-green-darkblue.svg","contentUrl":"https:\/\/www.dtf-team.com\/wp-content\/uploads\/dtf-team_logo-green-darkblue.svg","width":1,"height":1,"caption":"DTF Team"},"image":{"@id":"https:\/\/www.dtf-team.com\/fr\/#\/schema\/logo\/image\/"},"sameAs":["https:\/\/www.facebook.com\/dtf.team.europe\/","https:\/\/www.instagram.com\/dtf.team.europe\/","https:\/\/www.tiktok.com\/@dtf.team.europe","https:\/\/www.pinterest.de\/dtfteam\/"]}]}},"_links":{"self":[{"href":"https:\/\/www.dtf-team.com\/fr\/wp-json\/wp\/v2\/pages\/1177","targetHints":{"allow":["GET"]}}],"collection":[{"href":"https:\/\/www.dtf-team.com\/fr\/wp-json\/wp\/v2\/pages"}],"about":[{"href":"https:\/\/www.dtf-team.com\/fr\/wp-json\/wp\/v2\/types\/page"}],"author":[{"embeddable":true,"href":"https:\/\/www.dtf-team.com\/fr\/wp-json\/wp\/v2\/users\/1"}],"replies":[{"embeddable":true,"href":"https:\/\/www.dtf-team.com\/fr\/wp-json\/wp\/v2\/comments?post=1177"}],"version-history":[{"count":13,"href":"https:\/\/www.dtf-team.com\/fr\/wp-json\/wp\/v2\/pages\/1177\/revisions"}],"predecessor-version":[{"id":3060,"href":"https:\/\/www.dtf-team.com\/fr\/wp-json\/wp\/v2\/pages\/1177\/revisions\/3060"}],"wp:attachment":[{"href":"https:\/\/www.dtf-team.com\/fr\/wp-json\/wp\/v2\/media?parent=1177"}],"curies":[{"name":"wp","href":"https:\/\/api.w.org\/{rel}","templated":true}]}}