{"id":2070,"date":"2023-07-28T23:30:32","date_gmt":"2023-07-28T21:30:32","guid":{"rendered":"https:\/\/www.dtf-team.com\/zahlung\/"},"modified":"2023-11-06T15:54:52","modified_gmt":"2023-11-06T14:54:52","slug":"paiement","status":"publish","type":"page","link":"https:\/\/www.dtf-team.com\/fr\/paiement\/","title":{"rendered":"Paiement"},"content":{"rendered":"<h1><span>Paiement<\/span><\/h1>\n<div>\n<p>Vous trouverez ici une liste de nos prestataires de services de paiement. Si vous payez par carte de cr\u00e9dit, votre compte de carte de cr\u00e9dit sera d\u00e9bit\u00e9 lors de l&rsquo;exp\u00e9dition des marchandises. Votre paiement est simple et s&rsquo;effectue rapidement lors de la livraison de votre commande.<\/p>\n<\/div>\n<p>\n    <a href=\"\/fr\/formulaire-de-contact\/\">Vers le formulaire de contact<\/a>\n<\/p>\n<h2>PayPal<\/h2>\n<h2>Carte de cr\u00e9dit<\/h2>\n<h2>Facture<\/h2>\n<h3>Coordonn\u00e9es bancaires<\/h3>\n<div>\n<p>R\u00e9cepteur: texomat<br \/>Banque: <span>Olinda Deutschland<\/span><br \/>IBAN: DE08100101233215530418<br \/>BIC\/SWIFT: QNTODEB2XXX<\/p>\n<\/div>\n<p><!--more--><br \/>\n<!-- {\"type\":\"layout\",\"children\":[{\"type\":\"section\",\"props\":{\"image_position\":\"center-center\",\"padding\":\"xsmall\",\"padding_remove_bottom\":true,\"style\":\"default\",\"title_breakpoint\":\"xl\",\"title_position\":\"top-left\",\"title_rotation\":\"left\",\"vertical_align\":\"middle\",\"width\":\"default\"},\"children\":[{\"type\":\"row\",\"children\":[{\"type\":\"column\",\"props\":{\"image_position\":\"center-center\",\"position_sticky_breakpoint\":\"m\"},\"children\":[{\"type\":\"breadcrumbs\",\"props\":{\"show_current\":true,\"show_home\":true}}]}]}],\"name\":\"Breadcrumbs\"},{\"type\":\"section\",\"props\":{\"image_position\":\"center-center\",\"padding_remove_bottom\":true,\"padding_remove_top\":false,\"style\":\"default\",\"title_breakpoint\":\"xl\",\"title_position\":\"top-left\",\"title_rotation\":\"left\",\"vertical_align\":\"middle\",\"width\":\"small\"},\"children\":[{\"type\":\"row\",\"children\":[{\"type\":\"column\",\"props\":{\"image_position\":\"center-center\",\"position_sticky_breakpoint\":\"m\"},\"children\":[{\"type\":\"headline\",\"props\":{\"content\":\"<span>Paiement<\\\/span>\",\"margin\":\"large\",\"margin_remove_bottom\":true,\"title_element\":\"h1\",\"title_style\":\"h2\"}},{\"type\":\"text\",\"props\":{\"column_breakpoint\":\"m\",\"content\":\"\n\n<p>Vous trouverez ici une liste de nos prestataires de services de paiement. Si vous payez par carte de cr\\u00e9dit, votre compte de carte de cr\\u00e9dit sera d\\u00e9bit\\u00e9 lors de l'exp\\u00e9dition des marchandises. Votre paiement est simple et s'effectue rapidement lors de la livraison de votre commande.<\\\/p>\",\"margin\":\"default\"}},{\"type\":\"button\",\"props\":{\"grid_column_gap\":\"small\",\"grid_row_gap\":\"small\",\"margin\":\"default\"},\"children\":[{\"type\":\"button_item\",\"props\":{\"button_style\":\"primary\",\"content\":\"Vers le formulaire de contact\",\"icon_align\":\"left\",\"link\":\"\\\/fr\\\/formulaire-de-contact\\\/\",\"link_target\":\"blank\",\"link_title\":\"Vers le formulaire de contact\"}}]}]}]}],\"name\":\"Einleitung\"},{\"type\":\"section\",\"props\":{\"class\":\"payment-provider\",\"image_position\":\"center-center\",\"style\":\"default\",\"title_breakpoint\":\"xl\",\"title_position\":\"top-left\",\"title_rotation\":\"left\",\"vertical_align\":\"middle\",\"width\":\"small\"},\"children\":[{\"type\":\"row\",\"children\":[{\"type\":\"column\",\"props\":{\"image_position\":\"center-center\",\"position_sticky_breakpoint\":\"m\"},\"children\":[{\"type\":\"headline\",\"props\":{\"class\":\"paypal\",\"content\":\"PayPal\",\"margin\":\"medium\",\"margin_remove_bottom\":true,\"title_element\":\"h2\",\"title_style\":\"h4\"}}]}],\"props\":{\"column_gap\":\"small\",\"row_gap\":\"small\"}},{\"type\":\"row\",\"children\":[{\"type\":\"column\",\"props\":{\"image_position\":\"center-center\",\"position_sticky_breakpoint\":\"m\"},\"children\":[{\"type\":\"headline\",\"props\":{\"class\":\"kreditkarte\",\"content\":\"Carte de cr\\u00e9dit\",\"margin\":\"medium\",\"margin_remove_bottom\":true,\"title_element\":\"h2\",\"title_style\":\"h4\"}}]}],\"props\":{\"column_gap\":\"small\",\"row_gap\":\"small\"}},{\"type\":\"row\",\"children\":[{\"type\":\"column\",\"props\":{\"image_position\":\"center-center\",\"position_sticky_breakpoint\":\"m\"},\"children\":[{\"type\":\"headline\",\"props\":{\"class\":\"rechnung\",\"content\":\"Facture\",\"margin\":\"medium\",\"margin_remove_bottom\":true,\"title_element\":\"h2\",\"title_style\":\"h4\"}}]}],\"props\":{\"column_gap\":\"small\",\"row_gap\":\"small\"}}],\"name\":\"Zahlungsdienstleister\"},{\"type\":\"section\",\"props\":{\"class\":\"conclusion\",\"image_position\":\"center-center\",\"padding_remove_bottom\":false,\"padding_remove_top\":true,\"style\":\"default\",\"title_breakpoint\":\"xl\",\"title_position\":\"top-left\",\"title_rotation\":\"left\",\"vertical_align\":\"middle\",\"width\":\"small\"},\"children\":[{\"type\":\"row\",\"children\":[{\"type\":\"column\",\"props\":{\"image_position\":\"center-center\",\"position_sticky_breakpoint\":\"m\"},\"children\":[{\"type\":\"headline\",\"props\":{\"content\":\"Coordonn\\u00e9es bancaires\",\"margin\":\"large\",\"margin_remove_bottom\":true,\"title_color\":\"primary\",\"title_element\":\"h3\"}},{\"type\":\"text\",\"props\":{\"column_breakpoint\":\"m\",\"content\":\"\n\n<p>R\\u00e9cepteur: texomat<br \\\/>Banque: <span>Olinda Deutschland<\\\/span><br \\\/>IBAN: DE08100101233215530418<br \\\/>BIC\\\/SWIFT: QNTODEB2XXX<\\\/p>\",\"margin\":\"default\",\"text_color\":\"muted\"}}]}],\"props\":{\"width\":\"default\"}}],\"name\":\"Hinweise\"}],\"version\":\"4.0.10\"} --><\/p>\n","protected":false},"excerpt":{"rendered":"<p>Paiement Vous trouverez ici une liste de nos prestataires de services de paiement. Si vous payez par carte de cr\u00e9dit, votre compte de carte de cr\u00e9dit sera d\u00e9bit\u00e9 lors de l&rsquo;exp\u00e9dition des marchandises. Votre paiement est simple et s&rsquo;effectue rapidement lors de la livraison de votre commande. Vers le formulaire de contact PayPal Carte de [&hellip;]<\/p>\n","protected":false},"author":1,"featured_media":0,"parent":0,"menu_order":0,"comment_status":"closed","ping_status":"closed","template":"","meta":{"footnotes":""},"class_list":["post-2070","page","type-page","status-publish","hentry"],"yoast_head":"<!-- This site is optimized with the Yoast SEO Premium plugin v27.2 (Yoast SEO v27.3) - https:\/\/yoast.com\/product\/yoast-seo-premium-wordpress\/ -->\n<title>Paiement - DTF Team<\/title>\n<meta name=\"robots\" content=\"noindex, nofollow\" \/>\n<meta property=\"og:locale\" content=\"fr_FR\" \/>\n<meta property=\"og:type\" content=\"article\" \/>\n<meta property=\"og:title\" content=\"Paiement\" \/>\n<meta property=\"og:description\" content=\"Paiement Vous trouverez ici une liste de nos prestataires de services de paiement. Si vous payez par carte de cr\u00e9dit, votre compte de carte de cr\u00e9dit sera d\u00e9bit\u00e9 lors de l&rsquo;exp\u00e9dition des marchandises. Votre paiement est simple et s&rsquo;effectue rapidement lors de la livraison de votre commande. Vers le formulaire de contact PayPal Carte de [&hellip;]\" \/>\n<meta property=\"og:url\" content=\"https:\/\/www.dtf-team.com\/fr\/paiement\/\" \/>\n<meta property=\"og:site_name\" content=\"DTF Team\" \/>\n<meta property=\"article:publisher\" content=\"https:\/\/www.facebook.com\/dtf.team.europe\/\" \/>\n<meta property=\"article:modified_time\" content=\"2023-11-06T14:54:52+00:00\" \/>\n<meta name=\"twitter:card\" content=\"summary_large_image\" \/>\n<meta name=\"twitter:label1\" content=\"Dur\u00e9e de lecture estim\u00e9e\" \/>\n\t<meta name=\"twitter:data1\" content=\"1 minute\" \/>\n<script type=\"application\/ld+json\" class=\"yoast-schema-graph\">{\"@context\":\"https:\\\/\\\/schema.org\",\"@graph\":[{\"@type\":\"WebPage\",\"@id\":\"https:\\\/\\\/www.dtf-team.com\\\/fr\\\/paiement\\\/\",\"url\":\"https:\\\/\\\/www.dtf-team.com\\\/fr\\\/paiement\\\/\",\"name\":\"Paiement - DTF Team\",\"isPartOf\":{\"@id\":\"https:\\\/\\\/www.dtf-team.com\\\/fr\\\/#website\"},\"datePublished\":\"2023-07-28T21:30:32+00:00\",\"dateModified\":\"2023-11-06T14:54:52+00:00\",\"breadcrumb\":{\"@id\":\"https:\\\/\\\/www.dtf-team.com\\\/fr\\\/paiement\\\/#breadcrumb\"},\"inLanguage\":\"fr-FR\",\"potentialAction\":[{\"@type\":\"ReadAction\",\"target\":[\"https:\\\/\\\/www.dtf-team.com\\\/fr\\\/paiement\\\/\"]}]},{\"@type\":\"BreadcrumbList\",\"@id\":\"https:\\\/\\\/www.dtf-team.com\\\/fr\\\/paiement\\\/#breadcrumb\",\"itemListElement\":[{\"@type\":\"ListItem\",\"position\":1,\"name\":\"Startseite\",\"item\":\"https:\\\/\\\/www.dtf-team.com\\\/fr\\\/\"},{\"@type\":\"ListItem\",\"position\":2,\"name\":\"Paiement\"}]},{\"@type\":\"WebSite\",\"@id\":\"https:\\\/\\\/www.dtf-team.com\\\/fr\\\/#website\",\"url\":\"https:\\\/\\\/www.dtf-team.com\\\/fr\\\/\",\"name\":\"DTF Team\",\"description\":\"\",\"publisher\":{\"@id\":\"https:\\\/\\\/www.dtf-team.com\\\/fr\\\/#organization\"},\"alternateName\":\"DTFT\",\"potentialAction\":[{\"@type\":\"SearchAction\",\"target\":{\"@type\":\"EntryPoint\",\"urlTemplate\":\"https:\\\/\\\/www.dtf-team.com\\\/fr\\\/?s={search_term_string}\"},\"query-input\":{\"@type\":\"PropertyValueSpecification\",\"valueRequired\":true,\"valueName\":\"search_term_string\"}}],\"inLanguage\":\"fr-FR\"},{\"@type\":\"Organization\",\"@id\":\"https:\\\/\\\/www.dtf-team.com\\\/fr\\\/#organization\",\"name\":\"DTF Team\",\"alternateName\":\"DTFT\",\"url\":\"https:\\\/\\\/www.dtf-team.com\\\/fr\\\/\",\"logo\":{\"@type\":\"ImageObject\",\"inLanguage\":\"fr-FR\",\"@id\":\"https:\\\/\\\/www.dtf-team.com\\\/fr\\\/#\\\/schema\\\/logo\\\/image\\\/\",\"url\":\"https:\\\/\\\/www.dtf-team.com\\\/wp-content\\\/uploads\\\/dtf-team_logo-green-darkblue.svg\",\"contentUrl\":\"https:\\\/\\\/www.dtf-team.com\\\/wp-content\\\/uploads\\\/dtf-team_logo-green-darkblue.svg\",\"width\":1,\"height\":1,\"caption\":\"DTF Team\"},\"image\":{\"@id\":\"https:\\\/\\\/www.dtf-team.com\\\/fr\\\/#\\\/schema\\\/logo\\\/image\\\/\"},\"sameAs\":[\"https:\\\/\\\/www.facebook.com\\\/dtf.team.europe\\\/\",\"https:\\\/\\\/www.instagram.com\\\/dtf.team.europe\\\/\",\"https:\\\/\\\/www.tiktok.com\\\/@dtf.team.europe\",\"https:\\\/\\\/www.pinterest.de\\\/dtfteam\\\/\"]}]}<\/script>\n<!-- \/ Yoast SEO Premium plugin. -->","yoast_head_json":{"title":"Paiement - DTF Team","robots":{"index":"noindex","follow":"nofollow"},"og_locale":"fr_FR","og_type":"article","og_title":"Paiement","og_description":"Paiement Vous trouverez ici une liste de nos prestataires de services de paiement. Si vous payez par carte de cr\u00e9dit, votre compte de carte de cr\u00e9dit sera d\u00e9bit\u00e9 lors de l&rsquo;exp\u00e9dition des marchandises. Votre paiement est simple et s&rsquo;effectue rapidement lors de la livraison de votre commande. Vers le formulaire de contact PayPal Carte de [&hellip;]","og_url":"https:\/\/www.dtf-team.com\/fr\/paiement\/","og_site_name":"DTF Team","article_publisher":"https:\/\/www.facebook.com\/dtf.team.europe\/","article_modified_time":"2023-11-06T14:54:52+00:00","twitter_card":"summary_large_image","twitter_misc":{"Dur\u00e9e de lecture estim\u00e9e":"1 minute"},"schema":{"@context":"https:\/\/schema.org","@graph":[{"@type":"WebPage","@id":"https:\/\/www.dtf-team.com\/fr\/paiement\/","url":"https:\/\/www.dtf-team.com\/fr\/paiement\/","name":"Paiement - DTF Team","isPartOf":{"@id":"https:\/\/www.dtf-team.com\/fr\/#website"},"datePublished":"2023-07-28T21:30:32+00:00","dateModified":"2023-11-06T14:54:52+00:00","breadcrumb":{"@id":"https:\/\/www.dtf-team.com\/fr\/paiement\/#breadcrumb"},"inLanguage":"fr-FR","potentialAction":[{"@type":"ReadAction","target":["https:\/\/www.dtf-team.com\/fr\/paiement\/"]}]},{"@type":"BreadcrumbList","@id":"https:\/\/www.dtf-team.com\/fr\/paiement\/#breadcrumb","itemListElement":[{"@type":"ListItem","position":1,"name":"Startseite","item":"https:\/\/www.dtf-team.com\/fr\/"},{"@type":"ListItem","position":2,"name":"Paiement"}]},{"@type":"WebSite","@id":"https:\/\/www.dtf-team.com\/fr\/#website","url":"https:\/\/www.dtf-team.com\/fr\/","name":"DTF Team","description":"","publisher":{"@id":"https:\/\/www.dtf-team.com\/fr\/#organization"},"alternateName":"DTFT","potentialAction":[{"@type":"SearchAction","target":{"@type":"EntryPoint","urlTemplate":"https:\/\/www.dtf-team.com\/fr\/?s={search_term_string}"},"query-input":{"@type":"PropertyValueSpecification","valueRequired":true,"valueName":"search_term_string"}}],"inLanguage":"fr-FR"},{"@type":"Organization","@id":"https:\/\/www.dtf-team.com\/fr\/#organization","name":"DTF Team","alternateName":"DTFT","url":"https:\/\/www.dtf-team.com\/fr\/","logo":{"@type":"ImageObject","inLanguage":"fr-FR","@id":"https:\/\/www.dtf-team.com\/fr\/#\/schema\/logo\/image\/","url":"https:\/\/www.dtf-team.com\/wp-content\/uploads\/dtf-team_logo-green-darkblue.svg","contentUrl":"https:\/\/www.dtf-team.com\/wp-content\/uploads\/dtf-team_logo-green-darkblue.svg","width":1,"height":1,"caption":"DTF Team"},"image":{"@id":"https:\/\/www.dtf-team.com\/fr\/#\/schema\/logo\/image\/"},"sameAs":["https:\/\/www.facebook.com\/dtf.team.europe\/","https:\/\/www.instagram.com\/dtf.team.europe\/","https:\/\/www.tiktok.com\/@dtf.team.europe","https:\/\/www.pinterest.de\/dtfteam\/"]}]}},"_links":{"self":[{"href":"https:\/\/www.dtf-team.com\/fr\/wp-json\/wp\/v2\/pages\/2070","targetHints":{"allow":["GET"]}}],"collection":[{"href":"https:\/\/www.dtf-team.com\/fr\/wp-json\/wp\/v2\/pages"}],"about":[{"href":"https:\/\/www.dtf-team.com\/fr\/wp-json\/wp\/v2\/types\/page"}],"author":[{"embeddable":true,"href":"https:\/\/www.dtf-team.com\/fr\/wp-json\/wp\/v2\/users\/1"}],"replies":[{"embeddable":true,"href":"https:\/\/www.dtf-team.com\/fr\/wp-json\/wp\/v2\/comments?post=2070"}],"version-history":[{"count":6,"href":"https:\/\/www.dtf-team.com\/fr\/wp-json\/wp\/v2\/pages\/2070\/revisions"}],"predecessor-version":[{"id":2421,"href":"https:\/\/www.dtf-team.com\/fr\/wp-json\/wp\/v2\/pages\/2070\/revisions\/2421"}],"wp:attachment":[{"href":"https:\/\/www.dtf-team.com\/fr\/wp-json\/wp\/v2\/media?parent=2070"}],"curies":[{"name":"wp","href":"https:\/\/api.w.org\/{rel}","templated":true}]}}