{"id":1929,"date":"2023-07-19T17:01:52","date_gmt":"2023-07-19T15:01:52","guid":{"rendered":"https:\/\/www.dtf-team.com\/produkt\/dtf-transfer-express-din-a3\/"},"modified":"2023-11-06T15:15:38","modified_gmt":"2023-11-06T14:15:38","slug":"dtf-transfert-express-din-a3","status":"publish","type":"product","link":"https:\/\/www.dtf-team.com\/fr\/produkt\/dtf-transfert-express-din-a3\/","title":{"rendered":"DTF Transfert Express DIN A3 297 x 420 mm"},"content":{"rendered":"<p><span style=\"font-weight: 400;\">Mais rapidement s&rsquo;il vous pla\u00eet. Nous disposons de 24 heures pour produire et exp\u00e9dier les tirages command\u00e9s ici. Le format DIN A3 297 x 420 mm vous permet de cr\u00e9er directement de grands motifs. Vous pouvez alors commencer \u00e0 presser directement sans avoir \u00e0 d\u00e9couper de grandes surfaces.<\/span><\/p>\n<p><span style=\"font-weight: 400;\">Afin d&rsquo;acc\u00e9l\u00e9rer le traitement ult\u00e9rieur, nous vous fournissons les impressions sur un film pelable \u00e0 chaud. L\u00e0 encore, nous vous faisons gagner un temps pr\u00e9cieux. Vous pouvez d\u00e9coller le film alors qu&rsquo;il est encore chaud.<\/span><\/p>\n","protected":false},"excerpt":{"rendered":"<ul>\n<li>24h Production Express<\/li>\n<li style=\"font-weight: 400;\" aria-level=\"1\"><span style=\"font-weight: 400;\">Format de fichier PDF<\/span><\/li>\n<li style=\"font-weight: 400;\" aria-level=\"1\"><span style=\"font-weight: 400;\">Format portrait ou paysage en DIN A3<\/span><\/li>\n<li style=\"font-weight: 400;\" aria-level=\"1\"><span style=\"font-weight: 400;\">Hot Peel Film<\/span><\/li>\n<li style=\"font-weight: 400;\" aria-level=\"1\"><span style=\"font-weight: 400;\">Sous-impression blanche<\/span><\/li>\n<li style=\"font-weight: 400;\" aria-level=\"1\"><span style=\"font-weight: 400;\">Impression num\u00e9rique haute r\u00e9solution<\/span><\/li>\n<li style=\"font-weight: 400;\" aria-level=\"1\"><span style=\"font-weight: 400;\">Cr\u00e9ez des graphiques non macul\u00e9s<\/span><\/li>\n<li style=\"font-weight: 400;\" aria-level=\"1\"><span style=\"font-weight: 400;\">Les fonds blancs sont \u00e9galement imprim\u00e9s<\/span><\/li>\n<li style=\"font-weight: 400;\" aria-level=\"1\"><span style=\"font-weight: 400;\">Nombre de pi\u00e8ces par page s\u00e9lectionnable<\/span><\/li>\n<li style=\"font-weight: 400;\" aria-level=\"1\"><span style=\"font-weight: 400;\">Possibilit\u00e9 de choisir entre le format standard et le format bloc par page<\/span><\/li>\n<li style=\"font-weight: 400;\" aria-level=\"1\"><span style=\"font-weight: 400;\">Encres et adh\u00e9sifs test\u00e9s et certifi\u00e9s MSDS<\/span><\/li>\n<li style=\"font-weight: 400;\" aria-level=\"1\"><span style=\"font-weight: 400;\">Imprimer les mod\u00e8les aux formats .pdf, .ai et .eps<\/span><\/li>\n<\/ul>\n","protected":false},"featured_media":942,"template":"","meta":[],"product_brand":[],"product_cat":[126],"product_tag":[],"class_list":{"0":"post-1929","1":"product","2":"type-product","3":"status-publish","4":"has-post-thumbnail","6":"product_cat-dtf-transfert-express","8":"first","9":"instock","10":"taxable","11":"shipping-taxable","12":"purchasable","13":"product-type-simple"},"yoast_head":"<!-- This site is optimized with the Yoast SEO Premium plugin v27.2 (Yoast SEO v27.4) - https:\/\/yoast.com\/product\/yoast-seo-premium-wordpress\/ -->\n<title>DTF Transfert Express sur DIN A3 297 x 420 mm | Solution d&#039;impression rapide &amp; pr\u00e9cise | Grand format<\/title>\n<meta name=\"description\" content=\"Obtenez des solutions d&#039;impression rapides et pr\u00e9cises avec notre DTF Transfert Express DIN A3 297 x 420 mm. Parfait pour les projets urgents avec des r\u00e9sultats de qualit\u00e9 et un grand format. Tu peux ainsi commencer directement \u00e0 presser!\" \/>\n<meta name=\"robots\" content=\"index, follow, max-snippet:-1, max-image-preview:large, max-video-preview:-1\" \/>\n<link rel=\"canonical\" href=\"https:\/\/www.dtf-team.com\/fr\/produkt\/dtf-transfert-express-din-a3\/\" \/>\n<meta property=\"og:locale\" content=\"fr_FR\" \/>\n<meta property=\"og:type\" content=\"article\" \/>\n<meta property=\"og:title\" content=\"DTF Transfert Express DIN A3 297 x 420 mm\" \/>\n<meta property=\"og:description\" content=\"Obtenez des solutions d&#039;impression rapides et pr\u00e9cises avec notre DTF Transfert Express DIN A3 297 x 420 mm. Parfait pour les projets urgents avec des r\u00e9sultats de qualit\u00e9 et un grand format. Tu peux ainsi commencer directement \u00e0 presser!\" \/>\n<meta property=\"og:url\" content=\"https:\/\/www.dtf-team.com\/fr\/produkt\/dtf-transfert-express-din-a3\/\" \/>\n<meta property=\"og:site_name\" content=\"DTF Team\" \/>\n<meta property=\"article:publisher\" content=\"https:\/\/www.facebook.com\/dtf.team.europe\/\" \/>\n<meta property=\"article:modified_time\" content=\"2023-11-06T14:15:38+00:00\" \/>\n<meta property=\"og:image\" content=\"https:\/\/www.dtf-team.com\/wp-content\/uploads\/dtf-transfer-express_din-a3_fr-1.png\" \/>\n\t<meta property=\"og:image:width\" content=\"1000\" \/>\n\t<meta property=\"og:image:height\" content=\"1000\" \/>\n\t<meta property=\"og:image:type\" content=\"image\/png\" \/>\n<meta name=\"twitter:card\" content=\"summary_large_image\" \/>\n<meta name=\"twitter:label1\" content=\"Dur\u00e9e de lecture estim\u00e9e\" \/>\n\t<meta name=\"twitter:data1\" content=\"1 minute\" \/>\n<script type=\"application\/ld+json\" class=\"yoast-schema-graph\">{\"@context\":\"https:\\\/\\\/schema.org\",\"@graph\":[{\"@type\":\"WebPage\",\"@id\":\"https:\\\/\\\/www.dtf-team.com\\\/fr\\\/produkt\\\/dtf-transfert-express-din-a3\\\/\",\"url\":\"https:\\\/\\\/www.dtf-team.com\\\/fr\\\/produkt\\\/dtf-transfert-express-din-a3\\\/\",\"name\":\"DTF Transfert Express sur DIN A3 297 x 420 mm | Solution d'impression rapide & pr\u00e9cise | Grand format\",\"isPartOf\":{\"@id\":\"https:\\\/\\\/www.dtf-team.com\\\/fr\\\/#website\"},\"primaryImageOfPage\":{\"@id\":\"https:\\\/\\\/www.dtf-team.com\\\/fr\\\/produkt\\\/dtf-transfert-express-din-a3\\\/#primaryimage\"},\"image\":{\"@id\":\"https:\\\/\\\/www.dtf-team.com\\\/fr\\\/produkt\\\/dtf-transfert-express-din-a3\\\/#primaryimage\"},\"thumbnailUrl\":\"https:\\\/\\\/www.dtf-team.com\\\/wp-content\\\/uploads\\\/dtf-transfer-express_din-a3_fr-1.png\",\"datePublished\":\"2023-07-19T15:01:52+00:00\",\"dateModified\":\"2023-11-06T14:15:38+00:00\",\"description\":\"Obtenez des solutions d'impression rapides et pr\u00e9cises avec notre DTF Transfert Express DIN A3 297 x 420 mm. Parfait pour les projets urgents avec des r\u00e9sultats de qualit\u00e9 et un grand format. Tu peux ainsi commencer directement \u00e0 presser!\",\"breadcrumb\":{\"@id\":\"https:\\\/\\\/www.dtf-team.com\\\/fr\\\/produkt\\\/dtf-transfert-express-din-a3\\\/#breadcrumb\"},\"inLanguage\":\"fr-FR\",\"potentialAction\":[{\"@type\":\"ReadAction\",\"target\":[\"https:\\\/\\\/www.dtf-team.com\\\/fr\\\/produkt\\\/dtf-transfert-express-din-a3\\\/\"]}]},{\"@type\":\"ImageObject\",\"inLanguage\":\"fr-FR\",\"@id\":\"https:\\\/\\\/www.dtf-team.com\\\/fr\\\/produkt\\\/dtf-transfert-express-din-a3\\\/#primaryimage\",\"url\":\"https:\\\/\\\/www.dtf-team.com\\\/wp-content\\\/uploads\\\/dtf-transfer-express_din-a3_fr-1.png\",\"contentUrl\":\"https:\\\/\\\/www.dtf-team.com\\\/wp-content\\\/uploads\\\/dtf-transfer-express_din-a3_fr-1.png\",\"width\":1000,\"height\":1000},{\"@type\":\"BreadcrumbList\",\"@id\":\"https:\\\/\\\/www.dtf-team.com\\\/fr\\\/produkt\\\/dtf-transfert-express-din-a3\\\/#breadcrumb\",\"itemListElement\":[{\"@type\":\"ListItem\",\"position\":1,\"name\":\"Startseite\",\"item\":\"https:\\\/\\\/www.dtf-team.com\\\/fr\\\/\"},{\"@type\":\"ListItem\",\"position\":2,\"name\":\"Tous les Produits\",\"item\":\"https:\\\/\\\/www.dtf-team.com\\\/fr\\\/tous-les-produits\\\/\"},{\"@type\":\"ListItem\",\"position\":3,\"name\":\"DTF Transfert Express DIN A3 297 x 420 mm\"}]},{\"@type\":\"WebSite\",\"@id\":\"https:\\\/\\\/www.dtf-team.com\\\/fr\\\/#website\",\"url\":\"https:\\\/\\\/www.dtf-team.com\\\/fr\\\/\",\"name\":\"DTF Team\",\"description\":\"\",\"publisher\":{\"@id\":\"https:\\\/\\\/www.dtf-team.com\\\/fr\\\/#organization\"},\"alternateName\":\"DTFT\",\"potentialAction\":[{\"@type\":\"SearchAction\",\"target\":{\"@type\":\"EntryPoint\",\"urlTemplate\":\"https:\\\/\\\/www.dtf-team.com\\\/fr\\\/?s={search_term_string}\"},\"query-input\":{\"@type\":\"PropertyValueSpecification\",\"valueRequired\":true,\"valueName\":\"search_term_string\"}}],\"inLanguage\":\"fr-FR\"},{\"@type\":\"Organization\",\"@id\":\"https:\\\/\\\/www.dtf-team.com\\\/fr\\\/#organization\",\"name\":\"DTF Team\",\"alternateName\":\"DTFT\",\"url\":\"https:\\\/\\\/www.dtf-team.com\\\/fr\\\/\",\"logo\":{\"@type\":\"ImageObject\",\"inLanguage\":\"fr-FR\",\"@id\":\"https:\\\/\\\/www.dtf-team.com\\\/fr\\\/#\\\/schema\\\/logo\\\/image\\\/\",\"url\":\"https:\\\/\\\/www.dtf-team.com\\\/wp-content\\\/uploads\\\/dtf-team_logo-green-darkblue.svg\",\"contentUrl\":\"https:\\\/\\\/www.dtf-team.com\\\/wp-content\\\/uploads\\\/dtf-team_logo-green-darkblue.svg\",\"width\":1,\"height\":1,\"caption\":\"DTF Team\"},\"image\":{\"@id\":\"https:\\\/\\\/www.dtf-team.com\\\/fr\\\/#\\\/schema\\\/logo\\\/image\\\/\"},\"sameAs\":[\"https:\\\/\\\/www.facebook.com\\\/dtf.team.europe\\\/\",\"https:\\\/\\\/www.instagram.com\\\/dtf.team.europe\\\/\",\"https:\\\/\\\/www.tiktok.com\\\/@dtf.team.europe\",\"https:\\\/\\\/www.pinterest.de\\\/dtfteam\\\/\"]}]}<\/script>\n<!-- \/ Yoast SEO Premium plugin. -->","yoast_head_json":{"title":"DTF Transfert Express sur DIN A3 297 x 420 mm | Solution d'impression rapide & pr\u00e9cise | Grand format","description":"Obtenez des solutions d'impression rapides et pr\u00e9cises avec notre DTF Transfert Express DIN A3 297 x 420 mm. Parfait pour les projets urgents avec des r\u00e9sultats de qualit\u00e9 et un grand format. Tu peux ainsi commencer directement \u00e0 presser!","robots":{"index":"index","follow":"follow","max-snippet":"max-snippet:-1","max-image-preview":"max-image-preview:large","max-video-preview":"max-video-preview:-1"},"canonical":"https:\/\/www.dtf-team.com\/fr\/produkt\/dtf-transfert-express-din-a3\/","og_locale":"fr_FR","og_type":"article","og_title":"DTF Transfert Express DIN A3 297 x 420 mm","og_description":"Obtenez des solutions d'impression rapides et pr\u00e9cises avec notre DTF Transfert Express DIN A3 297 x 420 mm. Parfait pour les projets urgents avec des r\u00e9sultats de qualit\u00e9 et un grand format. Tu peux ainsi commencer directement \u00e0 presser!","og_url":"https:\/\/www.dtf-team.com\/fr\/produkt\/dtf-transfert-express-din-a3\/","og_site_name":"DTF Team","article_publisher":"https:\/\/www.facebook.com\/dtf.team.europe\/","article_modified_time":"2023-11-06T14:15:38+00:00","og_image":[{"width":1000,"height":1000,"url":"https:\/\/www.dtf-team.com\/wp-content\/uploads\/dtf-transfer-express_din-a3_fr-1.png","type":"image\/png"}],"twitter_card":"summary_large_image","twitter_misc":{"Dur\u00e9e de lecture estim\u00e9e":"1 minute"},"schema":{"@context":"https:\/\/schema.org","@graph":[{"@type":"WebPage","@id":"https:\/\/www.dtf-team.com\/fr\/produkt\/dtf-transfert-express-din-a3\/","url":"https:\/\/www.dtf-team.com\/fr\/produkt\/dtf-transfert-express-din-a3\/","name":"DTF Transfert Express sur DIN A3 297 x 420 mm | Solution d'impression rapide & pr\u00e9cise | Grand format","isPartOf":{"@id":"https:\/\/www.dtf-team.com\/fr\/#website"},"primaryImageOfPage":{"@id":"https:\/\/www.dtf-team.com\/fr\/produkt\/dtf-transfert-express-din-a3\/#primaryimage"},"image":{"@id":"https:\/\/www.dtf-team.com\/fr\/produkt\/dtf-transfert-express-din-a3\/#primaryimage"},"thumbnailUrl":"https:\/\/www.dtf-team.com\/wp-content\/uploads\/dtf-transfer-express_din-a3_fr-1.png","datePublished":"2023-07-19T15:01:52+00:00","dateModified":"2023-11-06T14:15:38+00:00","description":"Obtenez des solutions d'impression rapides et pr\u00e9cises avec notre DTF Transfert Express DIN A3 297 x 420 mm. Parfait pour les projets urgents avec des r\u00e9sultats de qualit\u00e9 et un grand format. Tu peux ainsi commencer directement \u00e0 presser!","breadcrumb":{"@id":"https:\/\/www.dtf-team.com\/fr\/produkt\/dtf-transfert-express-din-a3\/#breadcrumb"},"inLanguage":"fr-FR","potentialAction":[{"@type":"ReadAction","target":["https:\/\/www.dtf-team.com\/fr\/produkt\/dtf-transfert-express-din-a3\/"]}]},{"@type":"ImageObject","inLanguage":"fr-FR","@id":"https:\/\/www.dtf-team.com\/fr\/produkt\/dtf-transfert-express-din-a3\/#primaryimage","url":"https:\/\/www.dtf-team.com\/wp-content\/uploads\/dtf-transfer-express_din-a3_fr-1.png","contentUrl":"https:\/\/www.dtf-team.com\/wp-content\/uploads\/dtf-transfer-express_din-a3_fr-1.png","width":1000,"height":1000},{"@type":"BreadcrumbList","@id":"https:\/\/www.dtf-team.com\/fr\/produkt\/dtf-transfert-express-din-a3\/#breadcrumb","itemListElement":[{"@type":"ListItem","position":1,"name":"Startseite","item":"https:\/\/www.dtf-team.com\/fr\/"},{"@type":"ListItem","position":2,"name":"Tous les Produits","item":"https:\/\/www.dtf-team.com\/fr\/tous-les-produits\/"},{"@type":"ListItem","position":3,"name":"DTF Transfert Express DIN A3 297 x 420 mm"}]},{"@type":"WebSite","@id":"https:\/\/www.dtf-team.com\/fr\/#website","url":"https:\/\/www.dtf-team.com\/fr\/","name":"DTF Team","description":"","publisher":{"@id":"https:\/\/www.dtf-team.com\/fr\/#organization"},"alternateName":"DTFT","potentialAction":[{"@type":"SearchAction","target":{"@type":"EntryPoint","urlTemplate":"https:\/\/www.dtf-team.com\/fr\/?s={search_term_string}"},"query-input":{"@type":"PropertyValueSpecification","valueRequired":true,"valueName":"search_term_string"}}],"inLanguage":"fr-FR"},{"@type":"Organization","@id":"https:\/\/www.dtf-team.com\/fr\/#organization","name":"DTF Team","alternateName":"DTFT","url":"https:\/\/www.dtf-team.com\/fr\/","logo":{"@type":"ImageObject","inLanguage":"fr-FR","@id":"https:\/\/www.dtf-team.com\/fr\/#\/schema\/logo\/image\/","url":"https:\/\/www.dtf-team.com\/wp-content\/uploads\/dtf-team_logo-green-darkblue.svg","contentUrl":"https:\/\/www.dtf-team.com\/wp-content\/uploads\/dtf-team_logo-green-darkblue.svg","width":1,"height":1,"caption":"DTF Team"},"image":{"@id":"https:\/\/www.dtf-team.com\/fr\/#\/schema\/logo\/image\/"},"sameAs":["https:\/\/www.facebook.com\/dtf.team.europe\/","https:\/\/www.instagram.com\/dtf.team.europe\/","https:\/\/www.tiktok.com\/@dtf.team.europe","https:\/\/www.pinterest.de\/dtfteam\/"]}]}},"_links":{"self":[{"href":"https:\/\/www.dtf-team.com\/fr\/wp-json\/wp\/v2\/product\/1929","targetHints":{"allow":["GET"]}}],"collection":[{"href":"https:\/\/www.dtf-team.com\/fr\/wp-json\/wp\/v2\/product"}],"about":[{"href":"https:\/\/www.dtf-team.com\/fr\/wp-json\/wp\/v2\/types\/product"}],"wp:featuredmedia":[{"embeddable":true,"href":"https:\/\/www.dtf-team.com\/fr\/wp-json\/wp\/v2\/media\/942"}],"wp:attachment":[{"href":"https:\/\/www.dtf-team.com\/fr\/wp-json\/wp\/v2\/media?parent=1929"}],"wp:term":[{"taxonomy":"product_brand","embeddable":true,"href":"https:\/\/www.dtf-team.com\/fr\/wp-json\/wp\/v2\/product_brand?post=1929"},{"taxonomy":"product_cat","embeddable":true,"href":"https:\/\/www.dtf-team.com\/fr\/wp-json\/wp\/v2\/product_cat?post=1929"},{"taxonomy":"product_tag","embeddable":true,"href":"https:\/\/www.dtf-team.com\/fr\/wp-json\/wp\/v2\/product_tag?post=1929"}],"curies":[{"name":"wp","href":"https:\/\/api.w.org\/{rel}","templated":true}]}}